{"id":5844,"date":"2024-08-01T17:37:14","date_gmt":"2024-08-01T20:37:14","guid":{"rendered":"https:\/\/haafer.com\/site\/?post_type=product&#038;p=5844"},"modified":"2025-11-28T11:19:15","modified_gmt":"2025-11-28T14:19:15","slug":"cepillo-dental-de-inicio","status":"publish","type":"product","link":"https:\/\/haafer.com\/site\/producto\/cepillo-dental-de-inicio\/","title":{"rendered":"Cepillo Dental de Inicio"},"content":{"rendered":"<p>Cepillo dental NUK de Inicio   Ideal para ense\u00f1ar a los ni\u00f1os como limpiar sus dientes  &#8211; Cabeza redondeada con cerdas suaves de puntas redondeadas  &#8211; Anillo protector que impide que el beb\u00e9 introduzca el cepillo muy adentro de la boca, y que tambi\u00e9n puede ser utilizado como un soporte  &#8211; Mango antideslizante y ergon\u00f3mico<\/p>\n","protected":false},"excerpt":{"rendered":"<p>Cepillo dental NUK de Inicio Ideal para ense\u00f1ar a los ni\u00f1os como limpiar sus dientes &#8211; Cabeza redondeada con cerdas<\/p>\n","protected":false},"featured_media":5906,"comment_status":"open","ping_status":"closed","template":"","meta":[],"product_brand":[],"product_cat":[129,152,102],"product_tag":[],"class_list":{"0":"post-5844","1":"product","2":"type-product","3":"status-publish","4":"has-post-thumbnail","6":"product_cat-cubiertos-y-vajillas","7":"product_cat-higiene-del-bebe","8":"product_cat-nuk","10":"first","11":"instock","12":"shipping-taxable","13":"purchasable","14":"product-type-simple"},"_links":{"self":[{"href":"https:\/\/haafer.com\/site\/wp-json\/wp\/v2\/product\/5844","targetHints":{"allow":["GET"]}}],"collection":[{"href":"https:\/\/haafer.com\/site\/wp-json\/wp\/v2\/product"}],"about":[{"href":"https:\/\/haafer.com\/site\/wp-json\/wp\/v2\/types\/product"}],"replies":[{"embeddable":true,"href":"https:\/\/haafer.com\/site\/wp-json\/wp\/v2\/comments?post=5844"}],"wp:featuredmedia":[{"embeddable":true,"href":"https:\/\/haafer.com\/site\/wp-json\/wp\/v2\/media\/5906"}],"wp:attachment":[{"href":"https:\/\/haafer.com\/site\/wp-json\/wp\/v2\/media?parent=5844"}],"wp:term":[{"taxonomy":"product_brand","embeddable":true,"href":"https:\/\/haafer.com\/site\/wp-json\/wp\/v2\/product_brand?post=5844"},{"taxonomy":"product_cat","embeddable":true,"href":"https:\/\/haafer.com\/site\/wp-json\/wp\/v2\/product_cat?post=5844"},{"taxonomy":"product_tag","embeddable":true,"href":"https:\/\/haafer.com\/site\/wp-json\/wp\/v2\/product_tag?post=5844"}],"curies":[{"name":"wp","href":"https:\/\/api.w.org\/{rel}","templated":true}]}}